{"id":2082,"date":"2022-02-09T03:24:33","date_gmt":"2022-02-09T03:24:33","guid":{"rendered":"https:\/\/drdiegopineda.com\/?page_id=2082"},"modified":"2022-02-09T06:21:05","modified_gmt":"2022-02-09T06:21:05","slug":"abdomen","status":"publish","type":"page","link":"https:\/\/drdiegopineda.com\/?page_id=2082","title":{"rendered":"ABDOMEN"},"content":{"rendered":"<p>[et_pb_section fb_built=\u00bb1&#8243; _builder_version=\u00bb4.14.7&#8243; _module_preset=\u00bbdefault\u00bb background_color=\u00bb#000000&#8243; background_enable_image=\u00bboff\u00bb global_colors_info=\u00bb{}\u00bb][et_pb_row _builder_version=\u00bb4.14.7&#8243; _module_preset=\u00bbdefault\u00bb global_colors_info=\u00bb{}\u00bb][et_pb_column type=\u00bb4_4&#8243; _builder_version=\u00bb4.11.2&#8243; _module_preset=\u00bbdefault\u00bb global_colors_info=\u00bb{}\u00bb][et_pb_text _builder_version=\u00bb4.14.7&#8243; _module_preset=\u00bbdefault\u00bb text_text_color=\u00bb#FFFFFF\u00bb text_font_size=\u00bb35px\u00bb global_colors_info=\u00bb{}\u00bb]<\/p>\n<p><strong>ANATOM\u00cdA DEL ABDOMEN<\/strong><\/p>\n<p>[\/et_pb_text][\/et_pb_column][\/et_pb_row][\/et_pb_section][et_pb_section fb_built=\u00bb1&#8243; _builder_version=\u00bb4.11.2&#8243; _module_preset=\u00bbdefault\u00bb background_color=\u00bbRGBA(0,0,0,0)\u00bb custom_margin=\u00bb||42px|||\u00bb custom_padding=\u00bb||8px|||\u00bb global_colors_info=\u00bb{}\u00bb][et_pb_row _builder_version=\u00bb4.9.0&#8243; _module_preset=\u00bbdefault\u00bb custom_margin=\u00bb|auto|39px|auto||\u00bb global_colors_info=\u00bb{}\u00bb][et_pb_column type=\u00bb4_4&#8243; _builder_version=\u00bb4.9.0&#8243; _module_preset=\u00bbdefault\u00bb global_colors_info=\u00bb{}\u00bb][et_pb_text _builder_version=\u00bb4.11.2&#8243; _module_preset=\u00bbdefault\u00bb global_colors_info=\u00bb{}\u00bb]<\/p>\n<h2 style=\"text-align: center;\"><strong>Navega a trav\u00e9s de nuestra p\u00e1gina y entra los temas de t\u00fa \u00ednteres, donde \u00a0encontrar\u00e1s muchos recursos.<\/strong><\/h2>\n<p>[\/et_pb_text][et_pb_text _builder_version=\u00bb4.14.7&#8243; _module_preset=\u00bbdefault\u00bb text_text_color=\u00bb#E02B20&#8243; global_colors_info=\u00bb{}\u00bb]<\/p>\n<h2 style=\"text-align: center;\"><span style=\"color: #993300;\"><strong>*Un tema se liberar\u00e1 por semana*<\/strong><\/span><\/h2>\n<p>[\/et_pb_text][\/et_pb_column][\/et_pb_row][\/et_pb_section][et_pb_section fb_built=\u00bb1&#8243; admin_label=\u00bbWorkshops and Events Section\u00bb _builder_version=\u00bb3.22&#8243; custom_margin=\u00bb||-93px|||\u00bb custom_padding=\u00bb0px||0px|\u00bb global_colors_info=\u00bb{}\u00bb][\/et_pb_section][et_pb_section fb_built=\u00bb1&#8243; _builder_version=\u00bb4.11.2&#8243; _module_preset=\u00bbdefault\u00bb background_color=\u00bb#000000&#8243; global_colors_info=\u00bb{}\u00bb][et_pb_row column_structure=\u00bb1_2,1_2&#8243; _builder_version=\u00bb4.11.2&#8243; _module_preset=\u00bbdefault\u00bb global_colors_info=\u00bb{}\u00bb][et_pb_column type=\u00bb1_2&#8243; _builder_version=\u00bb4.11.2&#8243; _module_preset=\u00bbdefault\u00bb global_colors_info=\u00bb{}\u00bb][et_pb_image src=\u00bbhttps:\/\/drdiegopineda.com\/wp-content\/uploads\/2022\/02\/Captura-de-Pantalla-2022-02-08-a-las-21.38.31.png\u00bb title_text=\u00bbCaptura de Pantalla 2022-02-08 a la(s) 21.38.31&#8243; align=\u00bbcenter\u00bb _builder_version=\u00bb4.14.7&#8243; _module_preset=\u00bbdefault\u00bb width=\u00bb40%\u00bb global_colors_info=\u00bb{}\u00bb][\/et_pb_image][et_pb_button button_url=\u00bbhttps:\/\/drdiegopineda.com\/?page_id=2093&#8243; button_text=\u00bbPared abdominal, canal inguinal y anillo femoral \u00bb button_alignment=\u00bbcenter\u00bb _builder_version=\u00bb4.14.7&#8243; custom_button=\u00bbon\u00bb button_text_size=\u00bb20px\u00bb button_text_color=\u00bb#ffffff\u00bb button_bg_color=\u00bbRGBA(0,0,0,0)\u00bb button_border_width=\u00bb8px\u00bb button_border_color=\u00bbRGBA(0,0,0,0)\u00bb button_border_radius=\u00bb0px\u00bb button_letter_spacing=\u00bb2px\u00bb button_font=\u00bbPoppins|600|||on||||\u00bb button_icon=\u00bb&#x24;||divi||400&#8243; custom_margin=\u00bb40px|||\u00bb locked=\u00bboff\u00bb global_colors_info=\u00bb{}\u00bb button_text_size__hover_enabled=\u00bboff\u00bb button_one_text_size__hover_enabled=\u00bboff\u00bb button_two_text_size__hover_enabled=\u00bboff\u00bb button_text_color__hover_enabled=\u00bboff\u00bb button_one_text_color__hover_enabled=\u00bboff\u00bb button_two_text_color__hover_enabled=\u00bboff\u00bb button_border_width__hover_enabled=\u00bboff\u00bb button_one_border_width__hover_enabled=\u00bboff\u00bb button_two_border_width__hover_enabled=\u00bboff\u00bb button_border_color__hover_enabled=\u00bboff\u00bb button_one_border_color__hover_enabled=\u00bboff\u00bb button_two_border_color__hover_enabled=\u00bboff\u00bb button_border_radius__hover_enabled=\u00bboff\u00bb button_one_border_radius__hover_enabled=\u00bboff\u00bb button_two_border_radius__hover_enabled=\u00bboff\u00bb button_letter_spacing__hover_enabled=\u00bboff\u00bb button_one_letter_spacing__hover_enabled=\u00bboff\u00bb button_two_letter_spacing__hover_enabled=\u00bboff\u00bb button_bg_color__hover_enabled=\u00bboff\u00bb button_one_bg_color__hover_enabled=\u00bboff\u00bb button_two_bg_color__hover_enabled=\u00bboff\u00bb][\/et_pb_button][\/et_pb_column][et_pb_column type=\u00bb1_2&#8243; _builder_version=\u00bb4.11.2&#8243; _module_preset=\u00bbdefault\u00bb global_colors_info=\u00bb{}\u00bb][et_pb_image src=\u00bbhttps:\/\/drdiegopineda.com\/wp-content\/uploads\/2022\/02\/IMG_AAC4B917B833-1.jpeg\u00bb title_text=\u00bbIMG_AAC4B917B833-1&#8243; _builder_version=\u00bb4.14.7&#8243; _module_preset=\u00bbdefault\u00bb width=\u00bb65%\u00bb max_width=\u00bb65%\u00bb module_alignment=\u00bbcenter\u00bb global_colors_info=\u00bb{}\u00bb][\/et_pb_image][et_pb_button button_url=\u00bbhttps:\/\/drdiegopineda.com\/?page_id=2117&#8243; button_text=\u00bbPeritoneo \u00bb button_alignment=\u00bbcenter\u00bb _builder_version=\u00bb4.14.7&#8243; custom_button=\u00bbon\u00bb button_text_size=\u00bb20px\u00bb button_text_color=\u00bb#ffffff\u00bb button_bg_color=\u00bbRGBA(0,0,0,0)\u00bb button_border_width=\u00bb8px\u00bb button_border_color=\u00bbRGBA(0,0,0,0)\u00bb button_border_radius=\u00bb0px\u00bb button_letter_spacing=\u00bb2px\u00bb button_font=\u00bbPoppins|600|||on||||\u00bb button_icon=\u00bb&#x24;||divi||400&#8243; custom_margin=\u00bb40px|||\u00bb hover_enabled=\u00bb0&#8243; locked=\u00bboff\u00bb global_colors_info=\u00bb{}\u00bb button_text_size__hover_enabled=\u00bboff\u00bb button_one_text_size__hover_enabled=\u00bboff\u00bb button_two_text_size__hover_enabled=\u00bboff\u00bb button_text_color__hover_enabled=\u00bboff\u00bb button_one_text_color__hover_enabled=\u00bboff\u00bb button_two_text_color__hover_enabled=\u00bboff\u00bb button_border_width__hover_enabled=\u00bboff\u00bb button_one_border_width__hover_enabled=\u00bboff\u00bb button_two_border_width__hover_enabled=\u00bboff\u00bb button_border_color__hover_enabled=\u00bboff\u00bb button_one_border_color__hover_enabled=\u00bboff\u00bb button_two_border_color__hover_enabled=\u00bboff\u00bb button_border_radius__hover_enabled=\u00bboff\u00bb button_one_border_radius__hover_enabled=\u00bboff\u00bb button_two_border_radius__hover_enabled=\u00bboff\u00bb button_letter_spacing__hover_enabled=\u00bboff\u00bb button_one_letter_spacing__hover_enabled=\u00bboff\u00bb button_two_letter_spacing__hover_enabled=\u00bboff\u00bb button_bg_color__hover_enabled=\u00bboff\u00bb button_one_bg_color__hover_enabled=\u00bboff\u00bb button_two_bg_color__hover_enabled=\u00bboff\u00bb sticky_enabled=\u00bb0&#8243;][\/et_pb_button][\/et_pb_column][\/et_pb_row][\/et_pb_section][et_pb_section fb_built=\u00bb1&#8243; _builder_version=\u00bb4.11.2&#8243; _module_preset=\u00bbdefault\u00bb custom_margin=\u00bb||-50px|||\u00bb global_colors_info=\u00bb{}\u00bb][et_pb_row _builder_version=\u00bb4.11.2&#8243; _module_preset=\u00bbdefault\u00bb global_colors_info=\u00bb{}\u00bb][et_pb_column type=\u00bb4_4&#8243; _builder_version=\u00bb4.11.2&#8243; _module_preset=\u00bbdefault\u00bb global_colors_info=\u00bb{}\u00bb][et_pb_button button_url=\u00bbhttps:\/\/drdiegopineda.com\/?page_id=1188&#8243; button_text=\u00bbRegresar al men\u00fa principal \u00bb button_alignment=\u00bbcenter\u00bb _builder_version=\u00bb4.11.2&#8243; _module_preset=\u00bbdefault\u00bb box_shadow_style=\u00bbpreset6&#8243; box_shadow_color=\u00bb#000000&#8243; global_colors_info=\u00bb{}\u00bb][\/et_pb_button][\/et_pb_column][\/et_pb_row][\/et_pb_section][et_pb_section fb_built=\u00bb1&#8243; admin_label=\u00bbWorkshops and Events Section\u00bb _builder_version=\u00bb4.11.2&#8243; background_image=\u00bbhttps:\/\/drdiegopineda.com\/wp-content\/uploads\/2021\/11\/three-youg-doctors-holding-human-internal-organs-m-2021-08-31-17-20-36-utc-scaled.jpg\u00bb parallax=\u00bbon\u00bb min_height=\u00bb437px\u00bb custom_margin=\u00bb||31px|||\u00bb custom_padding=\u00bb0px||92px|||\u00bb global_colors_info=\u00bb{}\u00bb][\/et_pb_section]<\/p>\n","protected":false},"excerpt":{"rendered":"<p>ANATOM\u00cdA DEL ABDOMENNavega a trav\u00e9s de nuestra p\u00e1gina y entra los temas de t\u00fa \u00ednteres, donde \u00a0encontrar\u00e1s muchos recursos.*Un tema se liberar\u00e1 por semana*<\/p>\n","protected":false},"author":2,"featured_media":0,"parent":0,"menu_order":0,"comment_status":"closed","ping_status":"closed","template":"page-template-blank.php","meta":{"_et_pb_use_builder":"on","_et_pb_old_content":"","_et_gb_content_width":"","footnotes":""},"class_list":["post-2082","page","type-page","status-publish","hentry"],"_links":{"self":[{"href":"https:\/\/drdiegopineda.com\/index.php?rest_route=\/wp\/v2\/pages\/2082","targetHints":{"allow":["GET"]}}],"collection":[{"href":"https:\/\/drdiegopineda.com\/index.php?rest_route=\/wp\/v2\/pages"}],"about":[{"href":"https:\/\/drdiegopineda.com\/index.php?rest_route=\/wp\/v2\/types\/page"}],"author":[{"embeddable":true,"href":"https:\/\/drdiegopineda.com\/index.php?rest_route=\/wp\/v2\/users\/2"}],"replies":[{"embeddable":true,"href":"https:\/\/drdiegopineda.com\/index.php?rest_route=%2Fwp%2Fv2%2Fcomments&post=2082"}],"version-history":[{"count":8,"href":"https:\/\/drdiegopineda.com\/index.php?rest_route=\/wp\/v2\/pages\/2082\/revisions"}],"predecessor-version":[{"id":2122,"href":"https:\/\/drdiegopineda.com\/index.php?rest_route=\/wp\/v2\/pages\/2082\/revisions\/2122"}],"wp:attachment":[{"href":"https:\/\/drdiegopineda.com\/index.php?rest_route=%2Fwp%2Fv2%2Fmedia&parent=2082"}],"curies":[{"name":"wp","href":"https:\/\/api.w.org\/{rel}","templated":true}]}}