{"id":1736,"date":"2021-10-14T14:22:28","date_gmt":"2021-10-14T14:22:28","guid":{"rendered":"https:\/\/drdiegopineda.com\/?page_id=1736"},"modified":"2021-12-01T21:40:36","modified_gmt":"2021-12-01T21:40:36","slug":"borrador-automatico-3","status":"publish","type":"page","link":"https:\/\/drdiegopineda.com\/?page_id=1736","title":{"rendered":"OJO"},"content":{"rendered":"<p>[et_pb_section fb_built=\u00bb1&#8243; custom_padding_last_edited=\u00bbon|tablet\u00bb admin_label=\u00bbLive Chat\u00bb _builder_version=\u00bb4.11.2&#8243; background_color=\u00bb#0C71C3&#8243; use_background_color_gradient=\u00bbon\u00bb background_color_gradient_start=\u00bb#0c71c3&#8243; background_color_gradient_end=\u00bb#0c71c3&#8243; background_color_gradient_type=\u00bbradial\u00bb background_color_gradient_direction_radial=\u00bbtop left\u00bb background_color_gradient_start_position=\u00bb17%\u00bb background_color_gradient_end_position=\u00bb80%\u00bb background_color_gradient_overlays_image=\u00bbon\u00bb background_image=\u00bbhttps:\/\/drdiegopineda.com\/wp-content\/uploads\/2021\/08\/IMG_1875.png\u00bb parallax=\u00bbon\u00bb module_alignment=\u00bbright\u00bb min_height=\u00bb316px\u00bb custom_margin=\u00bb||1px|||\u00bb custom_margin_tablet=\u00bb|0%||0%\u00bb custom_margin_last_edited=\u00bboff|desktop\u00bb custom_padding=\u00bb0px|0px|0px|0px|false|false\u00bb custom_padding_tablet=\u00bb|||\u00bb custom_padding_phone=\u00bb\u00bb top_divider_arrangement=\u00bbabove_content\u00bb top_divider_height_tablet=\u00bb90px\u00bb top_divider_height_phone=\u00bb90px\u00bb bottom_divider_style=\u00bbasymmetric3&#8243; bottom_divider_color=\u00bb#ffffff\u00bb bottom_divider_height=\u00bb100%\u00bb bottom_divider_repeat=\u00bb0.6x\u00bb bottom_divider_flip=\u00bbhorizontal\u00bb bottom_divider_arrangement=\u00bbabove_content\u00bb bottom_divider_height_tablet=\u00bb90px\u00bb bottom_divider_height_phone=\u00bb90px\u00bb bottom_divider_height_last_edited=\u00bbon|phone\u00bb animation_style=\u00bbslide\u00bb animation_direction=\u00bbleft\u00bb animation_intensity_slide=\u00bb4%\u00bb locked=\u00bboff\u00bb global_colors_info=\u00bb{}\u00bb][et_pb_row column_structure=\u00bb1_2,1_2&#8243; _builder_version=\u00bb4.11.2&#8243; _module_preset=\u00bbdefault\u00bb min_height=\u00bb372.1px\u00bb global_colors_info=\u00bb{}\u00bb][et_pb_column type=\u00bb1_2&#8243; _builder_version=\u00bb4.11.2&#8243; _module_preset=\u00bbdefault\u00bb global_colors_info=\u00bb{}\u00bb][et_pb_text _builder_version=\u00bb4.11.2&#8243; text_font=\u00bbMontserrat||||||||\u00bb text_text_color=\u00bb#FFFFFF\u00bb text_font_size=\u00bb16px\u00bb text_line_height=\u00bb1.8em\u00bb link_font=\u00bbMontserrat|700|||||||\u00bb link_text_color=\u00bb#fa546d\u00bb link_font_size=\u00bb22px\u00bb link_line_height=\u00bb1.5em\u00bb header_font=\u00bb||||||||\u00bb header_text_color=\u00bb#FFFFFF\u00bb header_font_size=\u00bb22px\u00bb header_2_font=\u00bbMontserrat|700|||||||\u00bb header_2_font_size=\u00bb40px\u00bb header_2_line_height=\u00bb1.4em\u00bb header_6_font=\u00bbMontserrat|600||on|||||\u00bb header_6_text_color=\u00bb#fa546d\u00bb header_6_font_size=\u00bb16px\u00bb header_6_letter_spacing=\u00bb2px\u00bb header_6_line_height=\u00bb1.5em\u00bb background_layout=\u00bbdark\u00bb max_width_last_edited=\u00bboff|desktop\u00bb module_alignment=\u00bbleft\u00bb min_height=\u00bb126px\u00bb custom_margin=\u00bb||38px|||\u00bb custom_padding=\u00bb|1px||0px||\u00bb header_2_font_size_tablet=\u00bb\u00bb header_2_font_size_phone=\u00bb24px\u00bb header_2_font_size_last_edited=\u00bbon|phone\u00bb locked=\u00bboff\u00bb global_colors_info=\u00bb{}\u00bb]<\/p>\n<h2>OJO<\/h2>\n<p>[\/et_pb_text][\/et_pb_column][et_pb_column type=\u00bb1_2&#8243; _builder_version=\u00bb4.11.2&#8243; _module_preset=\u00bbdefault\u00bb global_colors_info=\u00bb{}\u00bb][\/et_pb_column][\/et_pb_row][et_pb_row _builder_version=\u00bb4.11.2&#8243; _module_preset=\u00bbdefault\u00bb global_colors_info=\u00bb{}\u00bb][et_pb_column type=\u00bb4_4&#8243; _builder_version=\u00bb4.11.2&#8243; _module_preset=\u00bbdefault\u00bb global_colors_info=\u00bb{}\u00bb][\/et_pb_column][\/et_pb_row][\/et_pb_section][et_pb_section fb_built=\u00bb1&#8243; _builder_version=\u00bb4.11.2&#8243; _module_preset=\u00bbdefault\u00bb custom_padding=\u00bb0px||12px|||\u00bb global_colors_info=\u00bb{}\u00bb][et_pb_row _builder_version=\u00bb4.11.2&#8243; _module_preset=\u00bbdefault\u00bb custom_margin=\u00bb-71px|auto||auto||\u00bb global_colors_info=\u00bb{}\u00bb][et_pb_column type=\u00bb4_4&#8243; _builder_version=\u00bb4.11.2&#8243; _module_preset=\u00bbdefault\u00bb global_colors_info=\u00bb{}\u00bb][et_pb_text _builder_version=\u00bb4.11.2&#8243; _module_preset=\u00bbdefault\u00bb text_text_color=\u00bb#000000&#8243; min_height=\u00bb51px\u00bb custom_padding=\u00bb46px|||||\u00bb global_colors_info=\u00bb{}\u00bb]<\/p>\n<p style=\"text-align: center;\"><strong>De cada tema encontrar\u00e1n diferenctes actividades que podr\u00e1n distinguir por el \u00edcono que se encuentre a su lado as\u00ed como el c\u00f3digo de color asignado.<\/strong><\/p>\n<p>[\/et_pb_text][\/et_pb_column][\/et_pb_row][et_pb_row column_structure=\u00bb1_6,1_6,1_6,1_6,1_6,1_6&#8243; _builder_version=\u00bb4.11.2&#8243; _module_preset=\u00bbdefault\u00bb global_colors_info=\u00bb{}\u00bb][et_pb_column type=\u00bb1_6&#8243; _builder_version=\u00bb4.11.2&#8243; _module_preset=\u00bbdefault\u00bb global_colors_info=\u00bb{}\u00bb][et_pb_image src=\u00bbhttps:\/\/drdiegopineda.com\/wp-content\/uploads\/2021\/10\/activity1-1.png\u00bb title_text=\u00bbactivity1&#8243; _builder_version=\u00bb4.11.2&#8243; _module_preset=\u00bbdefault\u00bb width=\u00bb69px\u00bb global_colors_info=\u00bb{}\u00bb][\/et_pb_image][et_pb_text _builder_version=\u00bb4.11.2&#8243; _module_preset=\u00bbdefault\u00bb text_text_color=\u00bb#f43d00&#8243; text_orientation=\u00bbcenter\u00bb global_colors_info=\u00bb{}\u00bb]ACTIVIDAD [\/et_pb_text][\/et_pb_column][et_pb_column type=\u00bb1_6&#8243; _builder_version=\u00bb4.11.2&#8243; _module_preset=\u00bbdefault\u00bb global_colors_info=\u00bb{}\u00bb][et_pb_image src=\u00bbhttps:\/\/drdiegopineda.com\/wp-content\/uploads\/2021\/10\/desktop_ab7e375c-7581-4875-ab36-0f7f1483bf24.png\u00bb title_text=\u00bbdesktop_ab7e375c-7581-4875-ab36-0f7f1483bf24&#8243; align=\u00bbcenter\u00bb _builder_version=\u00bb4.11.2&#8243; _module_preset=\u00bbdefault\u00bb width=\u00bb100px\u00bb global_colors_info=\u00bb{}\u00bb][\/et_pb_image][et_pb_text _builder_version=\u00bb4.11.2&#8243; _module_preset=\u00bbdefault\u00bb text_text_color=\u00bb#39a51c\u00bb text_orientation=\u00bbcenter\u00bb global_colors_info=\u00bb{}\u00bb]RESUMEN [\/et_pb_text][\/et_pb_column][et_pb_column type=\u00bb1_6&#8243; _builder_version=\u00bb4.11.2&#8243; _module_preset=\u00bbdefault\u00bb global_colors_info=\u00bb{}\u00bb][et_pb_image src=\u00bbhttps:\/\/drdiegopineda.com\/wp-content\/uploads\/2021\/10\/atlas-1-1.jpeg\u00bb title_text=\u00bbatlas-1&#8243; align=\u00bbcenter\u00bb _builder_version=\u00bb4.11.2&#8243; _module_preset=\u00bbdefault\u00bb width=\u00bb100px\u00bb custom_margin=\u00bb||17px|||\u00bb global_colors_info=\u00bb{}\u00bb][\/et_pb_image][et_pb_text _builder_version=\u00bb4.11.2&#8243; _module_preset=\u00bbdefault\u00bb text_text_color=\u00bb#07077f\u00bb text_orientation=\u00bbcenter\u00bb custom_margin=\u00bb0px||||false|false\u00bb custom_padding=\u00bb0px||||false|false\u00bb global_colors_info=\u00bb{}\u00bb]ATLAS[\/et_pb_text][\/et_pb_column][et_pb_column type=\u00bb1_6&#8243; _builder_version=\u00bb4.11.2&#8243; _module_preset=\u00bbdefault\u00bb global_colors_info=\u00bb{}\u00bb][et_pb_image src=\u00bbhttps:\/\/drdiegopineda.com\/wp-content\/uploads\/2021\/10\/exam.png\u00bb title_text=\u00bbexam\u00bb align=\u00bbcenter\u00bb _builder_version=\u00bb4.11.2&#8243; _module_preset=\u00bbdefault\u00bb width=\u00bb100px\u00bb global_colors_info=\u00bb{}\u00bb][\/et_pb_image][et_pb_text _builder_version=\u00bb4.11.2&#8243; _module_preset=\u00bbdefault\u00bb text_text_color=\u00bb#4188c1&#8243; text_orientation=\u00bbcenter\u00bb custom_margin=\u00bb0px||||false|false\u00bb custom_padding=\u00bb0px||||false|false\u00bb global_colors_info=\u00bb{}\u00bb]<\/p>\n<p>EXAMEN<\/p>\n<p>[\/et_pb_text][\/et_pb_column][et_pb_column type=\u00bb1_6&#8243; _builder_version=\u00bb4.11.2&#8243; _module_preset=\u00bbdefault\u00bb global_colors_info=\u00bb{}\u00bb][et_pb_image src=\u00bbhttps:\/\/drdiegopineda.com\/wp-content\/uploads\/2021\/10\/3dd.png\u00bb title_text=\u00bb3dd\u00bb align=\u00bbcenter\u00bb _builder_version=\u00bb4.11.2&#8243; _module_preset=\u00bbdefault\u00bb width=\u00bb100px\u00bb global_colors_info=\u00bb{}\u00bb][\/et_pb_image][et_pb_text _builder_version=\u00bb4.11.2&#8243; _module_preset=\u00bbdefault\u00bb text_text_color=\u00bb#000000&#8243; text_orientation=\u00bbcenter\u00bb custom_margin=\u00bb0px||||false|false\u00bb custom_padding=\u00bb0px||||false|false\u00bb global_colors_info=\u00bb{}\u00bb]MODELO 3D[\/et_pb_text][\/et_pb_column][et_pb_column type=\u00bb1_6&#8243; _builder_version=\u00bb4.11.2&#8243; _module_preset=\u00bbdefault\u00bb global_colors_info=\u00bb{}\u00bb][et_pb_image src=\u00bbhttps:\/\/drdiegopineda.com\/wp-content\/uploads\/2021\/10\/video.jpg\u00bb title_text=\u00bbvideo\u00bb align=\u00bbcenter\u00bb _builder_version=\u00bb4.11.2&#8243; _module_preset=\u00bbdefault\u00bb width=\u00bb100px\u00bb global_colors_info=\u00bb{}\u00bb][\/et_pb_image][et_pb_text _builder_version=\u00bb4.11.2&#8243; _module_preset=\u00bbdefault\u00bb text_text_color=\u00bb#E02B20&#8243; text_orientation=\u00bbcenter\u00bb custom_margin=\u00bb0px||||false|false\u00bb custom_padding=\u00bb0px||||false|false\u00bb global_colors_info=\u00bb{}\u00bb]VIDEO[\/et_pb_text][\/et_pb_column][\/et_pb_row][\/et_pb_section][et_pb_section fb_built=\u00bb1&#8243; _builder_version=\u00bb4.11.2&#8243; _module_preset=\u00bbdefault\u00bb custom_padding=\u00bb0px||12px|||\u00bb global_colors_info=\u00bb{}\u00bb][et_pb_row _builder_version=\u00bb4.11.2&#8243; _module_preset=\u00bbdefault\u00bb global_colors_info=\u00bb{}\u00bb][et_pb_column type=\u00bb4_4&#8243; _builder_version=\u00bb4.11.2&#8243; _module_preset=\u00bbdefault\u00bb global_colors_info=\u00bb{}\u00bb][et_pb_image src=\u00bbhttps:\/\/drdiegopineda.com\/wp-content\/uploads\/2021\/10\/video.jpg\u00bb title_text=\u00bbvideo\u00bb align=\u00bbcenter\u00bb _builder_version=\u00bb4.11.2&#8243; _module_preset=\u00bbdefault\u00bb width=\u00bb100px\u00bb global_colors_info=\u00bb{}\u00bb][\/et_pb_image][et_pb_text _builder_version=\u00bb4.11.2&#8243; _module_preset=\u00bbdefault\u00bb text_text_color=\u00bb#E02B20&#8243; text_orientation=\u00bbcenter\u00bb custom_margin=\u00bb0px||||false|false\u00bb custom_padding=\u00bb0px||||false|false\u00bb global_colors_info=\u00bb{}\u00bb]VIDEO[\/et_pb_text][\/et_pb_column][\/et_pb_row][et_pb_row column_structure=\u00bb1_3,2_3&#8243; _builder_version=\u00bb4.11.2&#8243; _module_preset=\u00bbdefault\u00bb global_colors_info=\u00bb{}\u00bb][et_pb_column type=\u00bb1_3&#8243; _builder_version=\u00bb4.11.2&#8243; _module_preset=\u00bbdefault\u00bb global_colors_info=\u00bb{}\u00bb][et_pb_text _builder_version=\u00bb4.11.2&#8243; _module_preset=\u00bbdefault\u00bb global_colors_info=\u00bb{}\u00bb]<\/p>\n<h1><strong><span style=\"color: #003366;\">Contenido:<\/span><\/strong><\/h1>\n<p><span style=\"color: #000000;\">l\u00edmites de la \u00f3rbita<\/span><\/p>\n<p><span style=\"color: #000000;\">m\u00fasculos extraoculares<\/span><\/p>\n<p><span style=\"color: #000000;\">aparato \u00a0lagrimal<\/span><\/p>\n<p><span style=\"color: #000000;\">p\u00e1rpados<\/span><\/p>\n<p><span style=\"color: #000000;\">globo ocular<\/span><\/p>\n<p>[\/et_pb_text][\/et_pb_column][et_pb_column type=\u00bb2_3&#8243; _builder_version=\u00bb4.11.2&#8243; _module_preset=\u00bbdefault\u00bb global_colors_info=\u00bb{}\u00bb][et_pb_video src=\u00bbhttps:\/\/youtu.be\/42PRzeEIs8A\u00bb _builder_version=\u00bb4.11.2&#8243; _module_preset=\u00bbdefault\u00bb global_colors_info=\u00bb{}\u00bb][\/et_pb_video][\/et_pb_column][\/et_pb_row][et_pb_row _builder_version=\u00bb4.11.2&#8243; _module_preset=\u00bbdefault\u00bb global_colors_info=\u00bb{}\u00bb][et_pb_column type=\u00bb4_4&#8243; _builder_version=\u00bb4.11.2&#8243; _module_preset=\u00bbdefault\u00bb global_colors_info=\u00bb{}\u00bb][et_pb_image src=\u00bbhttps:\/\/drdiegopineda.com\/wp-content\/uploads\/2021\/10\/activity1-1.png\u00bb title_text=\u00bbactivity1&#8243; align=\u00bbcenter\u00bb _builder_version=\u00bb4.11.2&#8243; _module_preset=\u00bbdefault\u00bb width=\u00bb69px\u00bb global_colors_info=\u00bb{}\u00bb][\/et_pb_image][et_pb_text _builder_version=\u00bb4.11.2&#8243; _module_preset=\u00bbdefault\u00bb text_text_color=\u00bb#f43d00&#8243; text_orientation=\u00bbcenter\u00bb global_colors_info=\u00bb{}\u00bb]ACTIVIDAD [\/et_pb_text][\/et_pb_column][\/et_pb_row][et_pb_row _builder_version=\u00bb4.11.2&#8243; _module_preset=\u00bbdefault\u00bb custom_padding=\u00bb4px|||||\u00bb global_colors_info=\u00bb{}\u00bb][et_pb_column type=\u00bb4_4&#8243; _builder_version=\u00bb4.11.2&#8243; _module_preset=\u00bbdefault\u00bb global_colors_info=\u00bb{}\u00bb][et_pb_code _builder_version=\u00bb4.11.2&#8243; _module_preset=\u00bbdefault\u00bb global_colors_info=\u00bb{}\u00bb]<iframe loading=\"lazy\" src=\"https:\/\/h5p.org\/h5p\/embed\/1186647\" width=\"887\" height=\"893\" frameborder=\"0\" allowfullscreen=\"allowfullscreen\" allow=\"geolocation *; microphone *; camera *; midi *; encrypted-media *\" title=\"Anatom\u00eda del Ojo 2\"><\/iframe><script src=\"https:\/\/h5p.org\/sites\/all\/modules\/h5p\/library\/js\/h5p-resizer.js\" charset=\"UTF-8\"><\/script>[\/et_pb_code][\/et_pb_column][\/et_pb_row][et_pb_row _builder_version=\u00bb4.11.2&#8243; _module_preset=\u00bbdefault\u00bb global_colors_info=\u00bb{}\u00bb][et_pb_column type=\u00bb4_4&#8243; _builder_version=\u00bb4.11.2&#8243; _module_preset=\u00bbdefault\u00bb global_colors_info=\u00bb{}\u00bb][et_pb_image src=\u00bbhttps:\/\/drdiegopineda.com\/wp-content\/uploads\/2021\/10\/activity1-1.png\u00bb title_text=\u00bbactivity1&#8243; align=\u00bbcenter\u00bb _builder_version=\u00bb4.11.2&#8243; _module_preset=\u00bbdefault\u00bb width=\u00bb69px\u00bb global_colors_info=\u00bb{}\u00bb][\/et_pb_image][et_pb_text _builder_version=\u00bb4.11.2&#8243; _module_preset=\u00bbdefault\u00bb text_text_color=\u00bb#f43d00&#8243; text_orientation=\u00bbcenter\u00bb global_colors_info=\u00bb{}\u00bb]ACTIVIDAD [\/et_pb_text][\/et_pb_column][\/et_pb_row][et_pb_row _builder_version=\u00bb4.11.2&#8243; _module_preset=\u00bbdefault\u00bb custom_padding=\u00bb4px|||||\u00bb global_colors_info=\u00bb{}\u00bb][et_pb_column type=\u00bb4_4&#8243; _builder_version=\u00bb4.11.2&#8243; _module_preset=\u00bbdefault\u00bb global_colors_info=\u00bb{}\u00bb][et_pb_code _builder_version=\u00bb4.11.2&#8243; _module_preset=\u00bbdefault\u00bb global_colors_info=\u00bb{}\u00bb]<iframe loading=\"lazy\" src=\"https:\/\/h5p.org\/h5p\/embed\/1186653\" width=\"887\" height=\"757\" frameborder=\"0\" allowfullscreen=\"allowfullscreen\" allow=\"geolocation *; microphone *; camera *; midi *; encrypted-media *\" title=\"Fondo de Ojo\"><\/iframe><script src=\"https:\/\/h5p.org\/sites\/all\/modules\/h5p\/library\/js\/h5p-resizer.js\" charset=\"UTF-8\"><\/script>[\/et_pb_code][\/et_pb_column][\/et_pb_row][\/et_pb_section][et_pb_section fb_built=\u00bb1&#8243; _builder_version=\u00bb4.11.2&#8243; _module_preset=\u00bbdefault\u00bb custom_padding=\u00bb0px||12px|||\u00bb global_colors_info=\u00bb{}\u00bb][et_pb_row _builder_version=\u00bb4.11.2&#8243; _module_preset=\u00bbdefault\u00bb global_colors_info=\u00bb{}\u00bb][et_pb_column type=\u00bb4_4&#8243; _builder_version=\u00bb4.11.2&#8243; _module_preset=\u00bbdefault\u00bb global_colors_info=\u00bb{}\u00bb][et_pb_image src=\u00bbhttps:\/\/drdiegopineda.com\/wp-content\/uploads\/2021\/10\/desktop_ab7e375c-7581-4875-ab36-0f7f1483bf24.png\u00bb title_text=\u00bbdesktop_ab7e375c-7581-4875-ab36-0f7f1483bf24&#8243; align=\u00bbcenter\u00bb _builder_version=\u00bb4.11.2&#8243; _module_preset=\u00bbdefault\u00bb width=\u00bb100px\u00bb global_colors_info=\u00bb{}\u00bb][\/et_pb_image][et_pb_text _builder_version=\u00bb4.11.2&#8243; _module_preset=\u00bbdefault\u00bb text_text_color=\u00bb#39a51c\u00bb text_orientation=\u00bbcenter\u00bb global_colors_info=\u00bb{}\u00bb]RESUMEN [\/et_pb_text][\/et_pb_column][\/et_pb_row][\/et_pb_section][et_pb_section fb_built=\u00bb1&#8243; _builder_version=\u00bb4.11.2&#8243; _module_preset=\u00bbdefault\u00bb custom_padding=\u00bb0px||13px|||\u00bb global_colors_info=\u00bb{}\u00bb][et_pb_row _builder_version=\u00bb4.11.2&#8243; _module_preset=\u00bbdefault\u00bb custom_padding=\u00bb4px|||||\u00bb global_colors_info=\u00bb{}\u00bb][et_pb_column type=\u00bb4_4&#8243; _builder_version=\u00bb4.11.2&#8243; _module_preset=\u00bbdefault\u00bb global_colors_info=\u00bb{}\u00bb][et_pb_code _builder_version=\u00bb4.11.2&#8243; _module_preset=\u00bbdefault\u00bb global_colors_info=\u00bb{}\u00bb]<iframe loading=\"lazy\" src=\"https:\/\/h5p.org\/h5p\/embed\/1186645\" width=\"887\" height=\"632\" frameborder=\"0\" allowfullscreen=\"allowfullscreen\" allow=\"geolocation *; microphone *; camera *; midi *; encrypted-media *\" title=\"Anatom\u00eda del Ojo\"><\/iframe><script src=\"https:\/\/h5p.org\/sites\/all\/modules\/h5p\/library\/js\/h5p-resizer.js\" charset=\"UTF-8\"><\/script>[\/et_pb_code][\/et_pb_column][\/et_pb_row][et_pb_row _builder_version=\u00bb4.11.2&#8243; _module_preset=\u00bbdefault\u00bb global_colors_info=\u00bb{}\u00bb][et_pb_column type=\u00bb4_4&#8243; _builder_version=\u00bb4.11.2&#8243; _module_preset=\u00bbdefault\u00bb global_colors_info=\u00bb{}\u00bb][et_pb_image src=\u00bbhttps:\/\/drdiegopineda.com\/wp-content\/uploads\/2021\/10\/exam.png\u00bb title_text=\u00bbexam\u00bb align=\u00bbcenter\u00bb _builder_version=\u00bb4.11.2&#8243; _module_preset=\u00bbdefault\u00bb width=\u00bb100px\u00bb global_colors_info=\u00bb{}\u00bb][\/et_pb_image][et_pb_text _builder_version=\u00bb4.11.2&#8243; _module_preset=\u00bbdefault\u00bb text_text_color=\u00bb#4188c1&#8243; text_orientation=\u00bbcenter\u00bb custom_margin=\u00bb0px||||false|false\u00bb custom_padding=\u00bb0px||||false|false\u00bb hover_enabled=\u00bb0&#8243; global_colors_info=\u00bb{}\u00bb sticky_enabled=\u00bb0&#8243;]<\/p>\n<p>EXAMEN<\/p>\n<p>[\/et_pb_text][\/et_pb_column][\/et_pb_row][et_pb_row _builder_version=\u00bb4.11.2&#8243; _module_preset=\u00bbdefault\u00bb global_colors_info=\u00bb{}\u00bb][et_pb_column type=\u00bb4_4&#8243; _builder_version=\u00bb4.11.2&#8243; _module_preset=\u00bbdefault\u00bb global_colors_info=\u00bb{}\u00bb][et_pb_code _builder_version=\u00bb4.11.2&#8243; _module_preset=\u00bbdefault\u00bb global_colors_info=\u00bb{}\u00bb]<iframe loading=\"lazy\" src=\"https:\/\/h5p.org\/h5p\/embed\/1186652\" width=\"887\" height=\"912\" frameborder=\"0\" allowfullscreen=\"allowfullscreen\" allow=\"geolocation *; microphone *; camera *; midi *; encrypted-media *\" title=\"Examen de Ojo\"><\/iframe><script src=\"https:\/\/h5p.org\/sites\/all\/modules\/h5p\/library\/js\/h5p-resizer.js\" charset=\"UTF-8\"><\/script>[\/et_pb_code][\/et_pb_column][\/et_pb_row][et_pb_row _builder_version=\u00bb4.11.2&#8243; _module_preset=\u00bbdefault\u00bb global_colors_info=\u00bb{}\u00bb][et_pb_column type=\u00bb4_4&#8243; _builder_version=\u00bb4.11.2&#8243; _module_preset=\u00bbdefault\u00bb global_colors_info=\u00bb{}\u00bb][et_pb_button button_url=\u00bbhttps:\/\/drdiegopineda.com\/?page_id=1188&#8243; button_text=\u00bbRegresar al men\u00fa principal \u00bb button_alignment=\u00bbcenter\u00bb _builder_version=\u00bb4.11.2&#8243; _module_preset=\u00bbdefault\u00bb box_shadow_style=\u00bbpreset6&#8243; box_shadow_color=\u00bb#000000&#8243; global_colors_info=\u00bb{}\u00bb][\/et_pb_button][\/et_pb_column][\/et_pb_row][\/et_pb_section]<\/p>\n","protected":false},"excerpt":{"rendered":"<p>OJODe cada tema encontrar\u00e1n diferenctes actividades que podr\u00e1n distinguir por el \u00edcono que se encuentre a su lado as\u00ed como el c\u00f3digo de color asignado.ACTIVIDAD RESUMEN ATLASEXAMENMODELO 3DVIDEOVIDEOContenido: l\u00edmites de la \u00f3rbita m\u00fasculos extraoculares aparato \u00a0lagrimal p\u00e1rpados globo ocularACTIVIDAD ACTIVIDAD RESUMEN EXAMEN<\/p>\n","protected":false},"author":2,"featured_media":0,"parent":0,"menu_order":0,"comment_status":"closed","ping_status":"closed","template":"","meta":{"_et_pb_use_builder":"on","_et_pb_old_content":"","_et_gb_content_width":"","footnotes":""},"class_list":["post-1736","page","type-page","status-publish","hentry"],"_links":{"self":[{"href":"https:\/\/drdiegopineda.com\/index.php?rest_route=\/wp\/v2\/pages\/1736","targetHints":{"allow":["GET"]}}],"collection":[{"href":"https:\/\/drdiegopineda.com\/index.php?rest_route=\/wp\/v2\/pages"}],"about":[{"href":"https:\/\/drdiegopineda.com\/index.php?rest_route=\/wp\/v2\/types\/page"}],"author":[{"embeddable":true,"href":"https:\/\/drdiegopineda.com\/index.php?rest_route=\/wp\/v2\/users\/2"}],"replies":[{"embeddable":true,"href":"https:\/\/drdiegopineda.com\/index.php?rest_route=%2Fwp%2Fv2%2Fcomments&post=1736"}],"version-history":[{"count":8,"href":"https:\/\/drdiegopineda.com\/index.php?rest_route=\/wp\/v2\/pages\/1736\/revisions"}],"predecessor-version":[{"id":2003,"href":"https:\/\/drdiegopineda.com\/index.php?rest_route=\/wp\/v2\/pages\/1736\/revisions\/2003"}],"wp:attachment":[{"href":"https:\/\/drdiegopineda.com\/index.php?rest_route=%2Fwp%2Fv2%2Fmedia&parent=1736"}],"curies":[{"name":"wp","href":"https:\/\/api.w.org\/{rel}","templated":true}]}}